{"id":81,"date":"2023-06-08T15:03:14","date_gmt":"2023-06-08T15:03:14","guid":{"rendered":"https:\/\/azurhomecreation.com\/?page_id=81"},"modified":"2025-11-14T09:17:38","modified_gmt":"2025-11-14T09:17:38","slug":"cuisines-equipees","status":"publish","type":"page","link":"https:\/\/azurhomecreation.com\/en_us\/cuisines-equipees\/","title":{"rendered":"Equipped kitchens"},"content":{"rendered":"<section class=\"section\" id=\"section_1870002804\">\n\t\t<div class=\"bg section-bg fill bg-fill\" >\n\n\t\t\t\n\t\t\t<div class=\"section-bg-overlay absolute fill\"><\/div>\n\t\t\t\n\n\t\t<\/div>\n\n\t\t\n\n\t\t<div class=\"section-content relative\">\n\t\t\t\n\n<div class=\"row\" style=\"max-width:1200px\" id=\"row-1428004474\">\n\n\n\t<div id=\"col-1349066434\" class=\"col medium-6 small-12 large-5\"  >\n\t\t\t\t<div class=\"col-inner\"  >\n\t\t\t\n\t\t\t\n\n\t<div id=\"gap-1530436436\" class=\"gap-element clearfix\" style=\"display:block; height:auto;\">\n\t\t\n<style>\n#gap-1530436436 {\n  padding-top: 60px;\n}\n<\/style>\n\t<\/div>\n\t\n\n\t<div id=\"text-3819281926\" class=\"text\">\n\t\t\n\n<h1>R\u00e9novation de Cuisine \u00e0 Cannes<\/h1>\n\t\t\n<style>\n#text-3819281926 {\n  font-size: 2.75rem;\n  color: rgb(0, 26, 58);\n}\n#text-3819281926 > * {\n  color: rgb(0, 26, 58);\n}\n<\/style>\n\t<\/div>\n\t\n\n\t\t<\/div>\n\t\t\t\t\t<\/div>\n\n\t\n\n<\/div>\n\n\t\t<\/div>\n\n\t\t\n<style>\n#section_1870002804 {\n  padding-top: 30px;\n  padding-bottom: 30px;\n  min-height: 300px;\n  background-color: rgb(249, 245, 229);\n}\n#section_1870002804 .section-bg-overlay {\n  background-color: rgba(249, 245, 229, 0.773);\n}\n#section_1870002804 .section-bg.bg-loaded {\n  background-image: url(https:\/\/azurhomecreation.com\/wp-content\/uploads\/2023\/08\/cuisine-amenagee.jpg);\n}\n#section_1870002804 .section-bg {\n  background-position: 55% 75%;\n}\n@media (min-width:550px) {\n  #section_1870002804 {\n    min-height: 400px;\n  }\n}\n<\/style>\n\t<\/section>\n\t\n\t<section class=\"section\" id=\"section_1540228075\">\n\t\t<div class=\"bg section-bg fill bg-fill  bg-loaded\" >\n\n\t\t\t\n\t\t\t\n\t\t\t\n\n\t\t<\/div>\n\n\t\t\n\n\t\t<div class=\"section-content relative\">\n\t\t\t\n\n<div class=\"row\" style=\"max-width:1200px\" id=\"row-1510569431\">\n\n\n\t<div id=\"col-72366030\" class=\"col small-12 large-12\"  >\n\t\t\t\t<div class=\"col-inner\"  >\n\t\t\t\n\t\t\t\n\n<div class=\"row align-bottom\" style=\"max-width:1200px\" id=\"row-101060809\">\n\n\n\t<div id=\"col-1305078667\" class=\"col medium-12 small-12 large-6\"  >\n\t\t\t\t<div class=\"col-inner\"  >\n\t\t\t\n\t\t\t\n\n\t<div id=\"gap-1444265564\" class=\"gap-element clearfix\" style=\"display:block; height:auto;\">\n\t\t\n<style>\n#gap-1444265564 {\n  padding-top: 50px;\n}\n<\/style>\n\t<\/div>\n\t\n\n\t<div id=\"text-2194357235\" class=\"text\">\n\t\t\n\n<p data-start=\"204\" data-end=\"733\">La <strong data-start=\"207\" data-end=\"218\">cuisine<\/strong> est devenue une v\u00e9ritable pi\u00e8ce de vie \u00e0 part enti\u00e8re. Lors de vos <strong data-start=\"286\" data-end=\"320\">travaux de r\u00e9novation \u00e0 Cannes<\/strong>, nous vous offrons des solutions d\u2019<strong data-start=\"356\" data-end=\"391\">agencement d\u2019int\u00e9rieur \u00e0 Cannes<\/strong> qui r\u00e9pondent \u00e0 vos besoins pratiques et esth\u00e9tiques. Pour un am\u00e9nagement de cuisine r\u00e9ussi, plusieurs options d\u2019implantation sont possibles : en <strong data-start=\"538\" data-end=\"543\">L<\/strong>, en <strong data-start=\"548\" data-end=\"553\">U<\/strong> ou avec un <strong data-start=\"565\" data-end=\"581\">\u00eelot central<\/strong> ouvert sur le salon. Vous pourrez choisir parmi une multitude de <strong data-start=\"647\" data-end=\"658\">coloris<\/strong> et de <strong data-start=\"665\" data-end=\"675\">styles<\/strong>, adapt\u00e9s \u00e0 votre go\u00fbt et \u00e0 l\u2019ambiance de votre int\u00e9rieur.<\/p>\n<p data-start=\"735\" data-end=\"1052\">Nous mettons un point d&rsquo;honneur \u00e0 optimiser le volume de <strong data-start=\"792\" data-end=\"805\">rangement<\/strong> et \u00e0 cr\u00e9er un <strong data-start=\"820\" data-end=\"834\">agencement<\/strong> qui vous ressemble, tout en \u00e9tant pratique et agr\u00e9able \u00e0 vivre au quotidien. Que vous ayez une petite cuisine ou un grand espace \u00e0 am\u00e9nager, chaque d\u00e9tail est pens\u00e9 pour maximiser l\u2019espace et offrir un design moderne.<\/p>\n<p data-start=\"1054\" data-end=\"1448\">Votre projet est le n\u00f4tre. Nous sommes \u00e0 vos c\u00f4t\u00e9s pour \u00e9tudier l&rsquo;am\u00e9nagement de votre cuisine selon les sp\u00e9cificit\u00e9s de votre pi\u00e8ce. De plus, nous veillons \u00e0 ce que votre cuisine soit respectueuse de l&rsquo;environnement en s\u00e9lectionnant des mat\u00e9riaux durables et des \u00e9quipements \u00e0 faible consommation, tout en privil\u00e9giant un \u00e9lectrom\u00e9nager et un \u00e9clairage \u00e0 la consommation \u00e9nerg\u00e9tique optimis\u00e9e.<\/p>\n\t\t\n<style>\n#text-2194357235 {\n  color: rgb(0, 26, 58);\n}\n#text-2194357235 > * {\n  color: rgb(0, 26, 58);\n}\n<\/style>\n\t<\/div>\n\t\n\n\t\t<\/div>\n\t\t\t\t\n<style>\n#col-1305078667 > .col-inner {\n  padding: 0px 10px 0px 10px;\n}\n@media (min-width:550px) {\n  #col-1305078667 > .col-inner {\n    padding: 0px 20px 0px 20px;\n  }\n}\n@media (min-width:850px) {\n  #col-1305078667 > .col-inner {\n    padding: 0px 10px 0px 10px;\n  }\n}\n<\/style>\n\t<\/div>\n\n\t\n\n\t<div id=\"col-1065577558\" class=\"col medium-12 small-12 large-6 medium-col-first\"  >\n\t\t\t\t<div class=\"col-inner\"  >\n\t\t\t\n\t\t\t\n\n\n  <div class=\"banner has-hover bg-zoom\" id=\"banner-52495944\">\n          <div class=\"banner-inner fill\">\n        <div class=\"banner-bg fill\" >\n            <div class=\"bg fill bg-fill\"><\/div>\n                                    \n                    <\/div>\n\t\t\n        <div class=\"banner-layers container\">\n            <div class=\"fill banner-link\"><\/div>            \n\n\n        <\/div>\n      <\/div>\n\n            \n<style>\n#banner-52495944 {\n  padding-top: 400px;\n  background-color: rgb(255, 255, 255);\n}\n#banner-52495944 .bg.bg-loaded {\n  background-image: url(https:\/\/azurhomecreation.com\/wp-content\/uploads\/2025\/04\/cuisine1.jpg);\n}\n#banner-52495944 .bg {\n  background-position: 38% 43%;\n}\n@media (min-width:550px) {\n  #banner-52495944 {\n    padding-top: 600px;\n  }\n}\n@media (min-width:850px) {\n  #banner-52495944 {\n    padding-top: 600px;\n  }\n}\n<\/style>\n  <\/div>\n\n\n\n\t\t<\/div>\n\t\t\t\t\n<style>\n#col-1065577558 > .col-inner {\n  padding: 0px 0px 30px 0px;\n  margin: -70px 0px 0px 0px;\n}\n@media (min-width:850px) {\n  #col-1065577558 > .col-inner {\n    margin: -260px 0px 0px 0px;\n  }\n}\n<\/style>\n\t<\/div>\n\n\t\n\n<\/div>\n\n\t\t<\/div>\n\t\t\t\t\t<\/div>\n\n\t\n\n<\/div>\n\n\t\t<\/div>\n\n\t\t\n<style>\n#section_1540228075 {\n  padding-top: 30px;\n  padding-bottom: 30px;\n}\n<\/style>\n\t<\/section>\n\t\n\t<section class=\"section\" id=\"section_344709267\">\n\t\t<div class=\"bg section-bg fill bg-fill  bg-loaded\" >\n\n\t\t\t\n\t\t\t\n\t\t\t\n\n\t\t<\/div>\n\n\t\t\n\n\t\t<div class=\"section-content relative\">\n\t\t\t\n\n<div class=\"row\" style=\"max-width:1300px\" id=\"row-300460221\">\n\n\n\t<div id=\"col-389558695\" class=\"col medium-11 small-12 large-12\"  >\n\t\t\t\t<div class=\"col-inner\"  >\n\t\t\t\n\t\t\t\n\n<div class=\"slider-wrapper relative\" id=\"slider-1015741296\" >\n    <div class=\"slider slider-nav-circle slider-nav-large slider-nav-light slider-style-normal\"\n        data-flickity-options='{            \"cellAlign\": \"center\",            \"imagesLoaded\": true,            \"lazyLoad\": 1,            \"freeScroll\": false,            \"wrapAround\": true,            \"autoPlay\": 6000,            \"pauseAutoPlayOnHover\" : true,            \"prevNextButtons\": true,            \"contain\" : true,            \"adaptiveHeight\" : true,            \"dragThreshold\" : 10,            \"percentPosition\": true,            \"pageDots\": true,            \"rightToLeft\": false,            \"draggable\": true,            \"selectedAttraction\": 0.1,            \"parallax\" : 0,            \"friction\": 0.6        }'\n        >\n        \n\n\n  <div class=\"banner has-hover bg-zoom\" id=\"banner-224488261\">\n          <div class=\"banner-inner fill\">\n        <div class=\"banner-bg fill\" >\n            <div class=\"bg fill bg-fill\"><\/div>\n                                    \n                    <\/div>\n\t\t\n        <div class=\"banner-layers container\">\n            <div class=\"fill banner-link\"><\/div>            \n\n\n        <\/div>\n      <\/div>\n\n            \n<style>\n#banner-224488261 {\n  padding-top: 300px;\n  background-color: rgb(249, 245, 229);\n}\n#banner-224488261 .bg.bg-loaded {\n  background-image: url(https:\/\/azurhomecreation.com\/wp-content\/uploads\/2023\/08\/Cuisine1.jpg);\n}\n#banner-224488261 .bg {\n  background-position: 34% 44%;\n}\n@media (min-width:550px) {\n  #banner-224488261 {\n    padding-top: 550px;\n  }\n}\n<\/style>\n  <\/div>\n\n\n\n  <div class=\"banner has-hover bg-zoom\" id=\"banner-1839735190\">\n          <div class=\"banner-inner fill\">\n        <div class=\"banner-bg fill\" >\n            <div class=\"bg fill bg-fill\"><\/div>\n                                    \n                    <\/div>\n\t\t\n        <div class=\"banner-layers container\">\n            <div class=\"fill banner-link\"><\/div>            \n\n\n        <\/div>\n      <\/div>\n\n            \n<style>\n#banner-1839735190 {\n  padding-top: 300px;\n  background-color: rgb(249, 245, 229);\n}\n#banner-1839735190 .bg.bg-loaded {\n  background-image: url(https:\/\/azurhomecreation.com\/wp-content\/uploads\/2023\/08\/Cuisine3.jpg);\n}\n#banner-1839735190 .bg {\n  background-position: 34% 44%;\n}\n@media (min-width:550px) {\n  #banner-1839735190 {\n    padding-top: 550px;\n  }\n}\n<\/style>\n  <\/div>\n\n\n\n  <div class=\"banner has-hover bg-zoom\" id=\"banner-753185810\">\n          <div class=\"banner-inner fill\">\n        <div class=\"banner-bg fill\" >\n            <div class=\"bg fill bg-fill\"><\/div>\n                                    \n                    <\/div>\n\t\t\n        <div class=\"banner-layers container\">\n            <div class=\"fill banner-link\"><\/div>            \n\n\n        <\/div>\n      <\/div>\n\n            \n<style>\n#banner-753185810 {\n  padding-top: 300px;\n  background-color: rgb(249, 245, 229);\n}\n#banner-753185810 .bg.bg-loaded {\n  background-image: url(https:\/\/azurhomecreation.com\/wp-content\/uploads\/2023\/08\/Cuisine2.jpg);\n}\n#banner-753185810 .bg {\n  background-position: 48% 63%;\n}\n@media (min-width:550px) {\n  #banner-753185810 {\n    padding-top: 550px;\n  }\n}\n<\/style>\n  <\/div>\n\n\n\n  <div class=\"banner has-hover bg-zoom\" id=\"banner-956656639\">\n          <div class=\"banner-inner fill\">\n        <div class=\"banner-bg fill\" >\n            <div class=\"bg fill bg-fill\"><\/div>\n                                    \n                    <\/div>\n\t\t\n        <div class=\"banner-layers container\">\n            <div class=\"fill banner-link\"><\/div>            \n\n\n        <\/div>\n      <\/div>\n\n            \n<style>\n#banner-956656639 {\n  padding-top: 300px;\n  background-color: rgb(249, 245, 229);\n}\n#banner-956656639 .bg.bg-loaded {\n  background-image: url(https:\/\/azurhomecreation.com\/wp-content\/uploads\/2023\/08\/Cuisine4.jpg);\n}\n#banner-956656639 .bg {\n  background-position: 48% 63%;\n}\n@media (min-width:550px) {\n  #banner-956656639 {\n    padding-top: 550px;\n  }\n}\n<\/style>\n  <\/div>\n\n\n\n  <div class=\"banner has-hover bg-zoom\" id=\"banner-2023235376\">\n          <div class=\"banner-inner fill\">\n        <div class=\"banner-bg fill\" >\n            <div class=\"bg fill bg-fill\"><\/div>\n                                    \n                    <\/div>\n\t\t\n        <div class=\"banner-layers container\">\n            <div class=\"fill banner-link\"><\/div>            \n\n\n        <\/div>\n      <\/div>\n\n            \n<style>\n#banner-2023235376 {\n  padding-top: 300px;\n  background-color: rgb(249, 245, 229);\n}\n#banner-2023235376 .bg.bg-loaded {\n  background-image: url(https:\/\/azurhomecreation.com\/wp-content\/uploads\/2023\/08\/Cuisine5.jpg);\n}\n#banner-2023235376 .bg {\n  background-position: 48% 63%;\n}\n@media (min-width:550px) {\n  #banner-2023235376 {\n    padding-top: 550px;\n  }\n}\n<\/style>\n  <\/div>\n\n\n\n     <\/div>\n\n     <div class=\"loading-spin dark large centered\"><\/div>\n\n\t<\/div>\n\n\n\n\t\t<\/div>\n\t\t\t\t\t<\/div>\n\n\t\n\n<\/div>\n\n\t\t<\/div>\n\n\t\t\n<style>\n#section_344709267 {\n  padding-top: 40px;\n  padding-bottom: 40px;\n  background-color: rgb(249, 245, 229);\n}\n@media (min-width:550px) {\n  #section_344709267 {\n    padding-top: 80px;\n    padding-bottom: 80px;\n  }\n}\n@media (min-width:850px) {\n  #section_344709267 {\n    padding-top: 100px;\n    padding-bottom: 100px;\n  }\n}\n<\/style>\n\t<\/section>","protected":false},"excerpt":{"rendered":"","protected":false},"author":1,"featured_media":688,"parent":0,"menu_order":0,"comment_status":"closed","ping_status":"closed","template":"page-blank.php","meta":{"_monsterinsights_skip_tracking":false,"_monsterinsights_sitenote_active":false,"_monsterinsights_sitenote_note":"","_monsterinsights_sitenote_category":0,"footnotes":""},"class_list":["post-81","page","type-page","status-publish","has-post-thumbnail","hentry"],"yoast_head":"<!-- This site is optimized with the Yoast SEO plugin v27.4 - https:\/\/yoast.com\/product\/yoast-seo-wordpress\/ -->\n<title>Cuisines \u00e9quip\u00e9es \u00e0 Cannes \u2013 Azur Home Creation<\/title>\n<meta name=\"description\" content=\"Cuisines sur mesure \u00e0 Cannes : conception ou r\u00e9novation avec peinture, carrelage, robinetterie et agencement d\u2019int\u00e9rieur optimis\u00e9\" \/>\n<meta name=\"robots\" content=\"index, follow, max-snippet:-1, max-image-preview:large, max-video-preview:-1\" \/>\n<link rel=\"canonical\" href=\"https:\/\/azurhomecreation.com\/en_us\/cuisines-equipees\/\" \/>\n<meta property=\"og:locale\" content=\"en_US\" \/>\n<meta property=\"og:type\" content=\"article\" \/>\n<meta property=\"og:title\" content=\"Cuisines \u00e9quip\u00e9es \u00e0 Cannes \u2013 Azur Home Creation\" \/>\n<meta property=\"og:description\" content=\"Cuisines sur mesure \u00e0 Cannes : conception ou r\u00e9novation avec peinture, carrelage, robinetterie et agencement d\u2019int\u00e9rieur optimis\u00e9\" \/>\n<meta property=\"og:url\" content=\"https:\/\/azurhomecreation.com\/en_us\/cuisines-equipees\/\" \/>\n<meta property=\"og:site_name\" content=\"Azur Home Creation\" \/>\n<meta property=\"article:publisher\" content=\"https:\/\/www.facebook.com\/people\/Azurhome_06\/61550859443939\/\" \/>\n<meta property=\"article:modified_time\" content=\"2025-11-14T09:17:38+00:00\" \/>\n<meta property=\"og:image\" content=\"https:\/\/azurhomecreation.com\/wp-content\/uploads\/2023\/09\/Azur-Home-Creation.png\" \/>\n\t<meta property=\"og:image:width\" content=\"1382\" \/>\n\t<meta property=\"og:image:height\" content=\"899\" \/>\n\t<meta property=\"og:image:type\" content=\"image\/png\" \/>\n<meta name=\"twitter:card\" content=\"summary_large_image\" \/>\n<meta name=\"twitter:label1\" content=\"Est. reading time\" \/>\n\t<meta name=\"twitter:data1\" content=\"2 minutes\" \/>\n<script type=\"application\/ld+json\" class=\"yoast-schema-graph\">{\"@context\":\"https:\\\/\\\/schema.org\",\"@graph\":[{\"@type\":\"WebPage\",\"@id\":\"https:\\\/\\\/azurhomecreation.com\\\/cuisines-equipees\\\/\",\"url\":\"https:\\\/\\\/azurhomecreation.com\\\/cuisines-equipees\\\/\",\"name\":\"Cuisines \u00e9quip\u00e9es \u00e0 Cannes \u2013 Azur Home Creation\",\"isPartOf\":{\"@id\":\"https:\\\/\\\/azurhomecreation.com\\\/#website\"},\"primaryImageOfPage\":{\"@id\":\"https:\\\/\\\/azurhomecreation.com\\\/cuisines-equipees\\\/#primaryimage\"},\"image\":{\"@id\":\"https:\\\/\\\/azurhomecreation.com\\\/cuisines-equipees\\\/#primaryimage\"},\"thumbnailUrl\":\"https:\\\/\\\/azurhomecreation.com\\\/wp-content\\\/uploads\\\/2023\\\/09\\\/Azur-Home-Creation.png\",\"datePublished\":\"2023-06-08T15:03:14+00:00\",\"dateModified\":\"2025-11-14T09:17:38+00:00\",\"description\":\"Cuisines sur mesure \u00e0 Cannes : conception ou r\u00e9novation avec peinture, carrelage, robinetterie et agencement d\u2019int\u00e9rieur optimis\u00e9\",\"breadcrumb\":{\"@id\":\"https:\\\/\\\/azurhomecreation.com\\\/cuisines-equipees\\\/#breadcrumb\"},\"inLanguage\":\"en-US\",\"potentialAction\":[{\"@type\":\"ReadAction\",\"target\":[\"https:\\\/\\\/azurhomecreation.com\\\/cuisines-equipees\\\/\"]}]},{\"@type\":\"ImageObject\",\"inLanguage\":\"en-US\",\"@id\":\"https:\\\/\\\/azurhomecreation.com\\\/cuisines-equipees\\\/#primaryimage\",\"url\":\"https:\\\/\\\/azurhomecreation.com\\\/wp-content\\\/uploads\\\/2023\\\/09\\\/Azur-Home-Creation.png\",\"contentUrl\":\"https:\\\/\\\/azurhomecreation.com\\\/wp-content\\\/uploads\\\/2023\\\/09\\\/Azur-Home-Creation.png\",\"width\":1382,\"height\":899,\"caption\":\"peinture decoration Cannes\"},{\"@type\":\"BreadcrumbList\",\"@id\":\"https:\\\/\\\/azurhomecreation.com\\\/cuisines-equipees\\\/#breadcrumb\",\"itemListElement\":[{\"@type\":\"ListItem\",\"position\":1,\"name\":\"Accueil\",\"item\":\"https:\\\/\\\/azurhomecreation.com\\\/\"},{\"@type\":\"ListItem\",\"position\":2,\"name\":\"Cuisines \u00e9quip\u00e9es\"}]},{\"@type\":\"WebSite\",\"@id\":\"https:\\\/\\\/azurhomecreation.com\\\/#website\",\"url\":\"https:\\\/\\\/azurhomecreation.com\\\/\",\"name\":\"www.azurhomecreation.com\",\"description\":\"Promouvoir un habitat durable\",\"publisher\":{\"@id\":\"https:\\\/\\\/azurhomecreation.com\\\/#organization\"},\"alternateName\":\"R\u00e9novez et cr\u00e9ez sur mesure votre int\u00e9rieur\",\"potentialAction\":[{\"@type\":\"SearchAction\",\"target\":{\"@type\":\"EntryPoint\",\"urlTemplate\":\"https:\\\/\\\/azurhomecreation.com\\\/?s={search_term_string}\"},\"query-input\":{\"@type\":\"PropertyValueSpecification\",\"valueRequired\":true,\"valueName\":\"search_term_string\"}}],\"inLanguage\":\"en-US\"},{\"@type\":\"Organization\",\"@id\":\"https:\\\/\\\/azurhomecreation.com\\\/#organization\",\"name\":\"azurhomecreation\",\"alternateName\":\"r\u00e9novation batiment\",\"url\":\"https:\\\/\\\/azurhomecreation.com\\\/\",\"logo\":{\"@type\":\"ImageObject\",\"inLanguage\":\"en-US\",\"@id\":\"https:\\\/\\\/azurhomecreation.com\\\/#\\\/schema\\\/logo\\\/image\\\/\",\"url\":\"https:\\\/\\\/azurhomecreation.com\\\/wp-content\\\/uploads\\\/2023\\\/06\\\/LogoAHC.png\",\"contentUrl\":\"https:\\\/\\\/azurhomecreation.com\\\/wp-content\\\/uploads\\\/2023\\\/06\\\/LogoAHC.png\",\"width\":1382,\"height\":1000,\"caption\":\"azurhomecreation\"},\"image\":{\"@id\":\"https:\\\/\\\/azurhomecreation.com\\\/#\\\/schema\\\/logo\\\/image\\\/\"},\"sameAs\":[\"https:\\\/\\\/www.facebook.com\\\/people\\\/Azurhome_06\\\/61550859443939\\\/\",\"https:\\\/\\\/www.instagram.com\\\/cfeazur_\\\/\",\"https:\\\/\\\/www.tiktok.com\\\/search?lang=fr&q=CFEAZURHOME06&t=1693235384722\",\"https:\\\/\\\/www.linkedin.com\\\/in\\\/cyrille-eckel-6a067528a\\\/\"]}]}<\/script>\n<!-- \/ Yoast SEO plugin. -->","yoast_head_json":{"title":"Cuisines \u00e9quip\u00e9es \u00e0 Cannes \u2013 Azur Home Creation","description":"Cuisines sur mesure \u00e0 Cannes : conception ou r\u00e9novation avec peinture, carrelage, robinetterie et agencement d\u2019int\u00e9rieur optimis\u00e9","robots":{"index":"index","follow":"follow","max-snippet":"max-snippet:-1","max-image-preview":"max-image-preview:large","max-video-preview":"max-video-preview:-1"},"canonical":"https:\/\/azurhomecreation.com\/en_us\/cuisines-equipees\/","og_locale":"en_US","og_type":"article","og_title":"Cuisines \u00e9quip\u00e9es \u00e0 Cannes \u2013 Azur Home Creation","og_description":"Cuisines sur mesure \u00e0 Cannes : conception ou r\u00e9novation avec peinture, carrelage, robinetterie et agencement d\u2019int\u00e9rieur optimis\u00e9","og_url":"https:\/\/azurhomecreation.com\/en_us\/cuisines-equipees\/","og_site_name":"Azur Home Creation","article_publisher":"https:\/\/www.facebook.com\/people\/Azurhome_06\/61550859443939\/","article_modified_time":"2025-11-14T09:17:38+00:00","og_image":[{"width":1382,"height":899,"url":"https:\/\/azurhomecreation.com\/wp-content\/uploads\/2023\/09\/Azur-Home-Creation.png","type":"image\/png"}],"twitter_card":"summary_large_image","twitter_misc":{"Est. reading time":"2 minutes"},"schema":{"@context":"https:\/\/schema.org","@graph":[{"@type":"WebPage","@id":"https:\/\/azurhomecreation.com\/cuisines-equipees\/","url":"https:\/\/azurhomecreation.com\/cuisines-equipees\/","name":"Cuisines \u00e9quip\u00e9es \u00e0 Cannes \u2013 Azur Home Creation","isPartOf":{"@id":"https:\/\/azurhomecreation.com\/#website"},"primaryImageOfPage":{"@id":"https:\/\/azurhomecreation.com\/cuisines-equipees\/#primaryimage"},"image":{"@id":"https:\/\/azurhomecreation.com\/cuisines-equipees\/#primaryimage"},"thumbnailUrl":"https:\/\/azurhomecreation.com\/wp-content\/uploads\/2023\/09\/Azur-Home-Creation.png","datePublished":"2023-06-08T15:03:14+00:00","dateModified":"2025-11-14T09:17:38+00:00","description":"Cuisines sur mesure \u00e0 Cannes : conception ou r\u00e9novation avec peinture, carrelage, robinetterie et agencement d\u2019int\u00e9rieur optimis\u00e9","breadcrumb":{"@id":"https:\/\/azurhomecreation.com\/cuisines-equipees\/#breadcrumb"},"inLanguage":"en-US","potentialAction":[{"@type":"ReadAction","target":["https:\/\/azurhomecreation.com\/cuisines-equipees\/"]}]},{"@type":"ImageObject","inLanguage":"en-US","@id":"https:\/\/azurhomecreation.com\/cuisines-equipees\/#primaryimage","url":"https:\/\/azurhomecreation.com\/wp-content\/uploads\/2023\/09\/Azur-Home-Creation.png","contentUrl":"https:\/\/azurhomecreation.com\/wp-content\/uploads\/2023\/09\/Azur-Home-Creation.png","width":1382,"height":899,"caption":"peinture decoration Cannes"},{"@type":"BreadcrumbList","@id":"https:\/\/azurhomecreation.com\/cuisines-equipees\/#breadcrumb","itemListElement":[{"@type":"ListItem","position":1,"name":"Accueil","item":"https:\/\/azurhomecreation.com\/"},{"@type":"ListItem","position":2,"name":"Cuisines \u00e9quip\u00e9es"}]},{"@type":"WebSite","@id":"https:\/\/azurhomecreation.com\/#website","url":"https:\/\/azurhomecreation.com\/","name":"www.azurhomecreation.com","description":"Promouvoir un habitat durable","publisher":{"@id":"https:\/\/azurhomecreation.com\/#organization"},"alternateName":"R\u00e9novez et cr\u00e9ez sur mesure votre int\u00e9rieur","potentialAction":[{"@type":"SearchAction","target":{"@type":"EntryPoint","urlTemplate":"https:\/\/azurhomecreation.com\/?s={search_term_string}"},"query-input":{"@type":"PropertyValueSpecification","valueRequired":true,"valueName":"search_term_string"}}],"inLanguage":"en-US"},{"@type":"Organization","@id":"https:\/\/azurhomecreation.com\/#organization","name":"azurhomecreation","alternateName":"r\u00e9novation batiment","url":"https:\/\/azurhomecreation.com\/","logo":{"@type":"ImageObject","inLanguage":"en-US","@id":"https:\/\/azurhomecreation.com\/#\/schema\/logo\/image\/","url":"https:\/\/azurhomecreation.com\/wp-content\/uploads\/2023\/06\/LogoAHC.png","contentUrl":"https:\/\/azurhomecreation.com\/wp-content\/uploads\/2023\/06\/LogoAHC.png","width":1382,"height":1000,"caption":"azurhomecreation"},"image":{"@id":"https:\/\/azurhomecreation.com\/#\/schema\/logo\/image\/"},"sameAs":["https:\/\/www.facebook.com\/people\/Azurhome_06\/61550859443939\/","https:\/\/www.instagram.com\/cfeazur_\/","https:\/\/www.tiktok.com\/search?lang=fr&q=CFEAZURHOME06&t=1693235384722","https:\/\/www.linkedin.com\/in\/cyrille-eckel-6a067528a\/"]}]}},"_links":{"self":[{"href":"https:\/\/azurhomecreation.com\/en_us\/wp-json\/wp\/v2\/pages\/81","targetHints":{"allow":["GET"]}}],"collection":[{"href":"https:\/\/azurhomecreation.com\/en_us\/wp-json\/wp\/v2\/pages"}],"about":[{"href":"https:\/\/azurhomecreation.com\/en_us\/wp-json\/wp\/v2\/types\/page"}],"author":[{"embeddable":true,"href":"https:\/\/azurhomecreation.com\/en_us\/wp-json\/wp\/v2\/users\/1"}],"replies":[{"embeddable":true,"href":"https:\/\/azurhomecreation.com\/en_us\/wp-json\/wp\/v2\/comments?post=81"}],"version-history":[{"count":0,"href":"https:\/\/azurhomecreation.com\/en_us\/wp-json\/wp\/v2\/pages\/81\/revisions"}],"wp:featuredmedia":[{"embeddable":true,"href":"https:\/\/azurhomecreation.com\/en_us\/wp-json\/wp\/v2\/media\/688"}],"wp:attachment":[{"href":"https:\/\/azurhomecreation.com\/en_us\/wp-json\/wp\/v2\/media?parent=81"}],"curies":[{"name":"wp","href":"https:\/\/api.w.org\/{rel}","templated":true}]}}