{"id":68,"date":"2023-06-08T14:58:53","date_gmt":"2023-06-08T14:58:53","guid":{"rendered":"https:\/\/azurhomecreation.com\/?page_id=68"},"modified":"2025-11-14T09:07:32","modified_gmt":"2025-11-14T09:07:32","slug":"agencements","status":"publish","type":"page","link":"https:\/\/azurhomecreation.com\/en_us\/agencements\/","title":{"rendered":"Fixtures"},"content":{"rendered":"<section class=\"section dark has-parallax\" id=\"section_1617996093\">\n\t\t<div class=\"bg section-bg fill bg-fill\" data-parallax-container=\".section\" data-parallax-background data-parallax=\"-7\">\n\n\t\t\t\n\t\t\t\n\t\t\t\n\n\t\t<\/div>\n\n\t\t\n\n\t\t<div class=\"section-content relative\">\n\t\t\t\n\n\t<div id=\"gap-787673808\" class=\"gap-element clearfix\" style=\"display:block; height:auto;\">\n\t\t\n<style>\n#gap-787673808 {\n  padding-top: 30px;\n}\n<\/style>\n\t<\/div>\n\t\n\n<div class=\"row align-center\"  id=\"row-737757861\">\n\n\n\t<div id=\"col-1154878112\" class=\"col medium-10 small-12 large-10\"  >\n\t\t\t\t<div class=\"col-inner text-center text-shadow-3\"  >\n\t\t\t\n\t\t\t\n\n\t<div id=\"text-3821310137\" class=\"text\">\n\t\t\n\n<h1 class=\"uppercase\"><span style=\"font-size: 200%;\">We make tailor-made according to your desires<\/span><\/h1>\n\t\t\n<style>\n#text-3821310137 {\n  font-size: 0.75rem;\n  color: rgb(93, 247, 255);\n}\n#text-3821310137 > * {\n  color: rgb(93, 247, 255);\n}\n<\/style>\n\t<\/div>\n\t\n\t<div id=\"gap-412186188\" class=\"gap-element clearfix\" style=\"display:block; height:auto;\">\n\t\t\n<style>\n#gap-412186188 {\n  padding-top: 20px;\n}\n@media (min-width:850px) {\n  #gap-412186188 {\n    padding-top: 80px;\n  }\n}\n<\/style>\n\t<\/div>\n\t\n\n\n\t\t<\/div>\n\t\t\t\t\t<\/div>\n\n\t\n\n<\/div>\n\n\t\t<\/div>\n\n\t\t\n<style>\n#section_1617996093 {\n  padding-top: 30px;\n  padding-bottom: 30px;\n  min-height: 400px;\n}\n#section_1617996093 .section-bg-overlay {\n  background-color: rgba(0, 0, 0, 0.15);\n}\n#section_1617996093 .section-bg.bg-loaded {\n  background-image: url(https:\/\/azurhomecreation.com\/wp-content\/uploads\/2023\/08\/agencements.jpg);\n}\n#section_1617996093 .section-bg {\n  background-position: 68% 47%;\n}\n@media (min-width:550px) {\n  #section_1617996093 {\n    min-height: 450px;\n  }\n  #section_1617996093 .section-bg-overlay {\n    background-color: rgba(0, 0, 0, 0.09);\n  }\n}\n@media (min-width:850px) {\n  #section_1617996093 {\n    min-height: 550px;\n  }\n}\n<\/style>\n\t<\/section>\n\t\n\t<section class=\"section\" id=\"section_903889053\">\n\t\t<div class=\"bg section-bg fill bg-fill  bg-loaded\" >\n\n\t\t\t\n\t\t\t\n\t\t\t\n\n\t\t<\/div>\n\n\t\t\n\n\t\t<div class=\"section-content relative\">\n\t\t\t\n\n\t<div id=\"gap-1390642071\" class=\"gap-element clearfix\" style=\"display:block; height:auto;\">\n\t\t\n<style>\n#gap-1390642071 {\n  padding-top: 0px;\n}\n@media (min-width:550px) {\n  #gap-1390642071 {\n    padding-top: 30px;\n  }\n}\n<\/style>\n\t<\/div>\n\t\n\n<div class=\"row align-center\"  id=\"row-1685926745\">\n\n\n\t<div id=\"col-2033866412\" class=\"col medium-10 small-12 large-9\"  >\n\t\t\t\t<div class=\"col-inner text-center\"  >\n\t\t\t\n\t\t\t\n\n\t<div id=\"text-944910550\" class=\"text\">\n\t\t\n\n<h2><span style=\"font-size: 150%;\"><u>Various interior fittings:<\/u><\/span><\/h2>\n\t\t\n<style>\n#text-944910550 {\n  font-size: 1.15rem;\n  color: rgb(0, 26, 58);\n}\n#text-944910550 > * {\n  color: rgb(0, 26, 58);\n}\n@media (min-width:850px) {\n  #text-944910550 {\n    font-size: 1.45rem;\n  }\n}\n<\/style>\n\t<\/div>\n\t\n\n\t\t<\/div>\n\t\t\t\t\t<\/div>\n\n\t\n\n<\/div>\n\n\t\t<\/div>\n\n\t\t\n<style>\n#section_903889053 {\n  padding-top: 80px;\n  padding-bottom: 80px;\n}\n<\/style>\n\t<\/section>\n\t\n\t<section class=\"section\" id=\"section_2146149086\">\n\t\t<div class=\"bg section-bg fill bg-fill  bg-loaded\" >\n\n\t\t\t\n\t\t\t\n\t\t\t\n\n\t\t<\/div>\n\n\t\t\n\n\t\t<div class=\"section-content relative\">\n\t\t\t\n\n<div class=\"row row-large align-middle align-center\" style=\"max-width:1400px\" id=\"row-1747853279\">\n\n\n\t<div id=\"col-407201655\" class=\"col medium-9 small-12 large-6\"  >\n\t\t\t\t<div class=\"col-inner\"  >\n\t\t\t\n\t\t\t\n\n\n  <div class=\"banner has-hover bg-zoom\" id=\"banner-1160001002\">\n          <div class=\"banner-inner fill\">\n        <div class=\"banner-bg fill\" >\n            <div class=\"bg fill bg-fill\"><\/div>\n                                    \n                    <\/div>\n\t\t\n        <div class=\"banner-layers container\">\n            <div class=\"fill banner-link\"><\/div>            \n\n   <div id=\"text-box-761250904\" class=\"text-box banner-layer x50 md-x50 lg-x50 y50 md-y50 lg-y50 res-text\">\n                                <div class=\"text-box-content text dark\">\n              \n              <div class=\"text-inner text-center\">\n                  \n\n\n              <\/div>\n           <\/div>\n                            \n<style>\n#text-box-761250904 {\n  width: 60%;\n}\n#text-box-761250904 .text-box-content {\n  font-size: 100%;\n}\n@media (min-width:550px) {\n  #text-box-761250904 {\n    width: 60%;\n  }\n}\n<\/style>\n    <\/div>\n \n\n        <\/div>\n      <\/div>\n\n            \n<style>\n#banner-1160001002 {\n  padding-top: 300px;\n  background-color: rgb(255,255,255);\n}\n#banner-1160001002 .bg.bg-loaded {\n  background-image: url(https:\/\/azurhomecreation.com\/wp-content\/uploads\/2023\/08\/Buanderie.jpg);\n}\n#banner-1160001002 .bg {\n  background-position: 33% 77%;\n}\n@media (min-width:850px) {\n  #banner-1160001002 {\n    padding-top: 70%;\n  }\n}\n<\/style>\n  <\/div>\n\n\n\n\t\t<\/div>\n\t\t\t\t\t<\/div>\n\n\t\n\n\t<div id=\"col-686153958\" class=\"col medium-9 small-12 large-6\"  >\n\t\t\t\t<div class=\"col-inner text-left\"  >\n\t\t\t\n\t\t\t\n\n\t<div id=\"text-2151713169\" class=\"text\">\n\t\t\n\n<h3><span style=\"font-size: 160%;\">laundry room<\/span><\/h3>\n<p><strong>A laundry room is a room in its own right that can be very functional if it is perfectly arranged.<\/strong><br><strong>For it to be well functional, it must be arranged with care and make maximum use of every corner of the room. <\/strong><br><strong>It fulfills different functions, the best is to create specific zones for each of them.<\/strong><br><strong>This multifunctional piece is generally divided in this way:<\/strong><br><strong>\u2013 laundry area with washing machine, dryer, ironing board.<\/strong><br><strong>\u2013 The household products area, the provisions and kitchen utensils area. <\/strong><br><strong>It is a generally closed room, so it offers the possibility of concealing what you do not want to be seen.<\/strong><\/p>\n<p><strong>Your project is ours, we are at your side to best arrange your room so that you can make the most of it.<\/strong><\/p>\n\t\t\n<style>\n#text-2151713169 {\n  color: rgb(0, 26, 58);\n}\n#text-2151713169 > * {\n  color: rgb(0, 26, 58);\n}\n<\/style>\n\t<\/div>\n\t\n\n\t\t<\/div>\n\t\t\t\t\n<style>\n#col-686153958 > .col-inner {\n  padding: 0px 10px 0px 10px;\n}\n@media (min-width:550px) {\n  #col-686153958 > .col-inner {\n    padding: 0px 0px 0px 0px;\n  }\n}\n@media (min-width:850px) {\n  #col-686153958 > .col-inner {\n    padding: 0px 30px 0px 30px;\n  }\n}\n<\/style>\n\t<\/div>\n\n\t\n\n<\/div>\n<div class=\"row row-large align-middle align-center\" style=\"max-width:1400px\" id=\"row-795979454\">\n\n\n\t<div id=\"col-53762026\" class=\"col medium-9 small-12 large-6\"  >\n\t\t\t\t<div class=\"col-inner text-left\"  >\n\t\t\t\n\t\t\t\n\n\t<div id=\"text-1038440135\" class=\"text\">\n\t\t\n\n<h3><span style=\"font-size: 160%;\">Dressing room<\/span><\/h3>\n<p><strong>The dressing room of your dreams, with or without doors?<\/strong><br><strong>It occupies a room adjoining your bedroom, it can be made to measure or consist of standard elements so that all your clothes, shoes are impeccably tidy on hangers, in drawers and on shelves with lighting integrated.<br>Practical, the shelves are adjustable and the clothes rails allow you to arrange the space according to your needs to hold clothes of different heights (blouses, pants and dresses)<br>A storage solution that can be completed with as many modules as necessary.<\/strong><\/p>\n<p><strong>Your project is ours, we are at your side to arrange your dressing room as best as possible so that you can make the most of it<\/strong><\/p>\n\t\t\n<style>\n#text-1038440135 {\n  color: rgb(0, 26, 58);\n}\n#text-1038440135 > * {\n  color: rgb(0, 26, 58);\n}\n<\/style>\n\t<\/div>\n\t\n\n\t\t<\/div>\n\t\t\t\t\n<style>\n#col-53762026 > .col-inner {\n  padding: 0px 10px 0px 10px;\n}\n@media (min-width:550px) {\n  #col-53762026 > .col-inner {\n    padding: 0px 0px 0px 0px;\n  }\n}\n@media (min-width:850px) {\n  #col-53762026 > .col-inner {\n    padding: 0px 50px 0px 50px;\n  }\n}\n<\/style>\n\t<\/div>\n\n\t\n\n\t<div id=\"col-1772062109\" class=\"col medium-9 small-12 large-6 medium-col-first\"  >\n\t\t\t\t<div class=\"col-inner\"  >\n\t\t\t\n\t\t\t\n\n\n  <div class=\"banner has-hover bg-zoom\" id=\"banner-140383056\">\n          <div class=\"banner-inner fill\">\n        <div class=\"banner-bg fill\" >\n            <div class=\"bg fill bg-fill\"><\/div>\n                                    \n                    <\/div>\n\t\t\n        <div class=\"banner-layers container\">\n            <div class=\"fill banner-link\"><\/div>            \n\n   <div id=\"text-box-1750416805\" class=\"text-box banner-layer x50 md-x50 lg-x50 y50 md-y50 lg-y50 res-text\">\n                                <div class=\"text-box-content text dark\">\n              \n              <div class=\"text-inner text-center\">\n                  \n\n\n              <\/div>\n           <\/div>\n                            \n<style>\n#text-box-1750416805 {\n  width: 60%;\n}\n#text-box-1750416805 .text-box-content {\n  font-size: 100%;\n}\n@media (min-width:550px) {\n  #text-box-1750416805 {\n    width: 60%;\n  }\n}\n<\/style>\n    <\/div>\n \n\n        <\/div>\n      <\/div>\n\n            \n<style>\n#banner-140383056 {\n  padding-top: 300px;\n  background-color: rgb(255,255,255);\n}\n#banner-140383056 .bg.bg-loaded {\n  background-image: url(https:\/\/azurhomecreation.com\/wp-content\/uploads\/2023\/08\/dressing.jpg);\n}\n#banner-140383056 .bg {\n  background-position: 48% 68%;\n}\n@media (min-width:850px) {\n  #banner-140383056 {\n    padding-top: 70%;\n  }\n}\n<\/style>\n  <\/div>\n\n\n\n\t\t<\/div>\n\t\t\t\t\t<\/div>\n\n\t\n\n<\/div>\n\t<div id=\"gap-39650773\" class=\"gap-element clearfix\" style=\"display:block; height:auto;\">\n\t\t\n<style>\n#gap-39650773 {\n  padding-top: 100px;\n}\n<\/style>\n\t<\/div>\n\t\n\n\n\t\t<\/div>\n\n\t\t\n<style>\n#section_2146149086 {\n  padding-top: 0px;\n  padding-bottom: 0px;\n}\n<\/style>\n\t<\/section>\n\t\n\t<section class=\"section dark has-parallax\" id=\"section_1744197551\">\n\t\t<div class=\"bg section-bg fill bg-fill\" data-parallax-container=\".section\" data-parallax-background data-parallax=\"-7\">\n\n\t\t\t\n\t\t\t<div class=\"section-bg-overlay absolute fill\"><\/div>\n\t\t\t\n\n\t\t<\/div>\n\n\t\t\n\n\t\t<div class=\"section-content relative\">\n\t\t\t\n\n\t<div id=\"gap-1408911326\" class=\"gap-element clearfix\" style=\"display:block; height:auto;\">\n\t\t\n<style>\n#gap-1408911326 {\n  padding-top: 30px;\n}\n<\/style>\n\t<\/div>\n\t\n\n<div class=\"row align-center\"  id=\"row-125937670\">\n\n\n\t<div id=\"col-1218761227\" class=\"col medium-7 small-12 large-7\"  >\n\t\t\t\t<div class=\"col-inner text-center text-shadow-2\" style=\"background-color:rgba(44, 44, 44, 0.331);\" >\n\t\t\t\n\t\t\t\n\n<h3><span style=\"font-size: 150%;\">Ask according to your wishes<\/span><\/h3>\n<p class=\"lead\">We are at your service<\/p>\n\n\t\t<\/div>\n\t\t\t\t\t<\/div>\n\n\t\n\n<\/div>\n\n\t\t<\/div>\n\n\t\t\n<style>\n#section_1744197551 {\n  padding-top: 30px;\n  padding-bottom: 30px;\n  min-height: 300px;\n  background-color: rgb(0, 0, 0);\n}\n#section_1744197551 .section-bg-overlay {\n  background-color: rgba(0, 0, 0, 0.01);\n}\n#section_1744197551 .section-bg.bg-loaded {\n  background-image: url(https:\/\/azurhomecreation.com\/wp-content\/uploads\/2023\/08\/ameublement.jpg);\n}\n#section_1744197551 .section-bg {\n  background-position: 68% 36%;\n}\n@media (min-width:550px) {\n  #section_1744197551 {\n    min-height: 400px;\n  }\n}\n<\/style>\n\t<\/section>","protected":false},"excerpt":{"rendered":"","protected":false},"author":1,"featured_media":677,"parent":0,"menu_order":0,"comment_status":"closed","ping_status":"closed","template":"page-blank.php","meta":{"_monsterinsights_skip_tracking":false,"_monsterinsights_sitenote_active":false,"_monsterinsights_sitenote_note":"","_monsterinsights_sitenote_category":0,"footnotes":""},"class_list":["post-68","page","type-page","status-publish","has-post-thumbnail","hentry"],"yoast_head":"<!-- This site is optimized with the Yoast SEO plugin v27.5 - https:\/\/yoast.com\/product\/yoast-seo-wordpress\/ -->\n<title>Am\u00e9nagement buanderie - Optimisez votre espace de vie<\/title>\n<meta name=\"description\" content=\"Avec nos am\u00e9nagements buanderie et dressing, vous cr\u00e9ez des espaces de vie pratiques et modulables, sur mesure, pour une vie plus confortable\" \/>\n<meta name=\"robots\" content=\"index, follow, max-snippet:-1, max-image-preview:large, max-video-preview:-1\" \/>\n<link rel=\"canonical\" href=\"https:\/\/azurhomecreation.com\/en_us\/agencements\/\" \/>\n<meta property=\"og:locale\" content=\"en_US\" \/>\n<meta property=\"og:type\" content=\"article\" \/>\n<meta property=\"og:title\" content=\"Agencements d&#039;int\u00e9rieur\" \/>\n<meta property=\"og:description\" content=\"Avec nos agencements d&#039;int\u00e9rieur, vous cr\u00e9ez des espaces de vie pratiques et modulables, sur mesure et qui rendent la vie plus confortable\" \/>\n<meta property=\"og:url\" content=\"https:\/\/azurhomecreation.com\/en_us\/agencements\/\" \/>\n<meta property=\"og:site_name\" content=\"Azur Home Creation\" \/>\n<meta property=\"article:publisher\" content=\"https:\/\/www.facebook.com\/people\/Azurhome_06\/61550859443939\/\" \/>\n<meta property=\"article:modified_time\" content=\"2025-11-14T09:07:32+00:00\" \/>\n<meta property=\"og:image\" content=\"https:\/\/azurhomecreation.com\/wp-content\/uploads\/2023\/08\/AHC.jpg\" \/>\n\t<meta property=\"og:image:width\" content=\"1125\" \/>\n\t<meta property=\"og:image:height\" content=\"675\" \/>\n\t<meta property=\"og:image:type\" content=\"image\/jpeg\" \/>\n<meta name=\"twitter:card\" content=\"summary_large_image\" \/>\n<meta name=\"twitter:label1\" content=\"Est. reading time\" \/>\n\t<meta name=\"twitter:data1\" content=\"3 minutes\" \/>\n<script type=\"application\/ld+json\" class=\"yoast-schema-graph\">{\"@context\":\"https:\\\/\\\/schema.org\",\"@graph\":[{\"@type\":\"WebPage\",\"@id\":\"https:\\\/\\\/azurhomecreation.com\\\/agencements\\\/\",\"url\":\"https:\\\/\\\/azurhomecreation.com\\\/agencements\\\/\",\"name\":\"Am\u00e9nagement buanderie - Optimisez votre espace de vie\",\"isPartOf\":{\"@id\":\"https:\\\/\\\/azurhomecreation.com\\\/#website\"},\"primaryImageOfPage\":{\"@id\":\"https:\\\/\\\/azurhomecreation.com\\\/agencements\\\/#primaryimage\"},\"image\":{\"@id\":\"https:\\\/\\\/azurhomecreation.com\\\/agencements\\\/#primaryimage\"},\"thumbnailUrl\":\"https:\\\/\\\/azurhomecreation.com\\\/wp-content\\\/uploads\\\/2023\\\/08\\\/Azur-Home-Creation.png\",\"datePublished\":\"2023-06-08T14:58:53+00:00\",\"dateModified\":\"2025-11-14T09:07:32+00:00\",\"description\":\"Avec nos am\u00e9nagements buanderie et dressing, vous cr\u00e9ez des espaces de vie pratiques et modulables, sur mesure, pour une vie plus confortable\",\"breadcrumb\":{\"@id\":\"https:\\\/\\\/azurhomecreation.com\\\/agencements\\\/#breadcrumb\"},\"inLanguage\":\"en-US\",\"potentialAction\":[{\"@type\":\"ReadAction\",\"target\":[\"https:\\\/\\\/azurhomecreation.com\\\/agencements\\\/\"]}]},{\"@type\":\"ImageObject\",\"inLanguage\":\"en-US\",\"@id\":\"https:\\\/\\\/azurhomecreation.com\\\/agencements\\\/#primaryimage\",\"url\":\"https:\\\/\\\/azurhomecreation.com\\\/wp-content\\\/uploads\\\/2023\\\/08\\\/Azur-Home-Creation.png\",\"contentUrl\":\"https:\\\/\\\/azurhomecreation.com\\\/wp-content\\\/uploads\\\/2023\\\/08\\\/Azur-Home-Creation.png\",\"width\":1382,\"height\":899,\"caption\":\"peinture decoration Cannes\"},{\"@type\":\"BreadcrumbList\",\"@id\":\"https:\\\/\\\/azurhomecreation.com\\\/agencements\\\/#breadcrumb\",\"itemListElement\":[{\"@type\":\"ListItem\",\"position\":1,\"name\":\"Accueil\",\"item\":\"https:\\\/\\\/azurhomecreation.com\\\/\"},{\"@type\":\"ListItem\",\"position\":2,\"name\":\"Agencements\"}]},{\"@type\":\"WebSite\",\"@id\":\"https:\\\/\\\/azurhomecreation.com\\\/#website\",\"url\":\"https:\\\/\\\/azurhomecreation.com\\\/\",\"name\":\"www.azurhomecreation.com\",\"description\":\"Promouvoir un habitat durable\",\"publisher\":{\"@id\":\"https:\\\/\\\/azurhomecreation.com\\\/#organization\"},\"alternateName\":\"R\u00e9novez et cr\u00e9ez sur mesure votre int\u00e9rieur\",\"potentialAction\":[{\"@type\":\"SearchAction\",\"target\":{\"@type\":\"EntryPoint\",\"urlTemplate\":\"https:\\\/\\\/azurhomecreation.com\\\/?s={search_term_string}\"},\"query-input\":{\"@type\":\"PropertyValueSpecification\",\"valueRequired\":true,\"valueName\":\"search_term_string\"}}],\"inLanguage\":\"en-US\"},{\"@type\":\"Organization\",\"@id\":\"https:\\\/\\\/azurhomecreation.com\\\/#organization\",\"name\":\"azurhomecreation\",\"alternateName\":\"r\u00e9novation batiment\",\"url\":\"https:\\\/\\\/azurhomecreation.com\\\/\",\"logo\":{\"@type\":\"ImageObject\",\"inLanguage\":\"en-US\",\"@id\":\"https:\\\/\\\/azurhomecreation.com\\\/#\\\/schema\\\/logo\\\/image\\\/\",\"url\":\"https:\\\/\\\/azurhomecreation.com\\\/wp-content\\\/uploads\\\/2023\\\/06\\\/LogoAHC.png\",\"contentUrl\":\"https:\\\/\\\/azurhomecreation.com\\\/wp-content\\\/uploads\\\/2023\\\/06\\\/LogoAHC.png\",\"width\":1382,\"height\":1000,\"caption\":\"azurhomecreation\"},\"image\":{\"@id\":\"https:\\\/\\\/azurhomecreation.com\\\/#\\\/schema\\\/logo\\\/image\\\/\"},\"sameAs\":[\"https:\\\/\\\/www.facebook.com\\\/people\\\/Azurhome_06\\\/61550859443939\\\/\",\"https:\\\/\\\/www.instagram.com\\\/cfeazur_\\\/\",\"https:\\\/\\\/www.tiktok.com\\\/search?lang=fr&q=CFEAZURHOME06&t=1693235384722\",\"https:\\\/\\\/www.linkedin.com\\\/in\\\/cyrille-eckel-6a067528a\\\/\"]}]}<\/script>\n<!-- \/ Yoast SEO plugin. -->","yoast_head_json":{"title":"Am\u00e9nagement buanderie - Optimisez votre espace de vie","description":"Avec nos am\u00e9nagements buanderie et dressing, vous cr\u00e9ez des espaces de vie pratiques et modulables, sur mesure, pour une vie plus confortable","robots":{"index":"index","follow":"follow","max-snippet":"max-snippet:-1","max-image-preview":"max-image-preview:large","max-video-preview":"max-video-preview:-1"},"canonical":"https:\/\/azurhomecreation.com\/en_us\/agencements\/","og_locale":"en_US","og_type":"article","og_title":"Agencements d'int\u00e9rieur","og_description":"Avec nos agencements d'int\u00e9rieur, vous cr\u00e9ez des espaces de vie pratiques et modulables, sur mesure et qui rendent la vie plus confortable","og_url":"https:\/\/azurhomecreation.com\/en_us\/agencements\/","og_site_name":"Azur Home Creation","article_publisher":"https:\/\/www.facebook.com\/people\/Azurhome_06\/61550859443939\/","article_modified_time":"2025-11-14T09:07:32+00:00","og_image":[{"width":1125,"height":675,"url":"https:\/\/azurhomecreation.com\/wp-content\/uploads\/2023\/08\/AHC.jpg","type":"image\/jpeg"}],"twitter_card":"summary_large_image","twitter_misc":{"Est. reading time":"3 minutes"},"schema":{"@context":"https:\/\/schema.org","@graph":[{"@type":"WebPage","@id":"https:\/\/azurhomecreation.com\/agencements\/","url":"https:\/\/azurhomecreation.com\/agencements\/","name":"Am\u00e9nagement buanderie - Optimisez votre espace de vie","isPartOf":{"@id":"https:\/\/azurhomecreation.com\/#website"},"primaryImageOfPage":{"@id":"https:\/\/azurhomecreation.com\/agencements\/#primaryimage"},"image":{"@id":"https:\/\/azurhomecreation.com\/agencements\/#primaryimage"},"thumbnailUrl":"https:\/\/azurhomecreation.com\/wp-content\/uploads\/2023\/08\/Azur-Home-Creation.png","datePublished":"2023-06-08T14:58:53+00:00","dateModified":"2025-11-14T09:07:32+00:00","description":"Avec nos am\u00e9nagements buanderie et dressing, vous cr\u00e9ez des espaces de vie pratiques et modulables, sur mesure, pour une vie plus confortable","breadcrumb":{"@id":"https:\/\/azurhomecreation.com\/agencements\/#breadcrumb"},"inLanguage":"en-US","potentialAction":[{"@type":"ReadAction","target":["https:\/\/azurhomecreation.com\/agencements\/"]}]},{"@type":"ImageObject","inLanguage":"en-US","@id":"https:\/\/azurhomecreation.com\/agencements\/#primaryimage","url":"https:\/\/azurhomecreation.com\/wp-content\/uploads\/2023\/08\/Azur-Home-Creation.png","contentUrl":"https:\/\/azurhomecreation.com\/wp-content\/uploads\/2023\/08\/Azur-Home-Creation.png","width":1382,"height":899,"caption":"peinture decoration Cannes"},{"@type":"BreadcrumbList","@id":"https:\/\/azurhomecreation.com\/agencements\/#breadcrumb","itemListElement":[{"@type":"ListItem","position":1,"name":"Accueil","item":"https:\/\/azurhomecreation.com\/"},{"@type":"ListItem","position":2,"name":"Agencements"}]},{"@type":"WebSite","@id":"https:\/\/azurhomecreation.com\/#website","url":"https:\/\/azurhomecreation.com\/","name":"www.azurhomecreation.com","description":"Promouvoir un habitat durable","publisher":{"@id":"https:\/\/azurhomecreation.com\/#organization"},"alternateName":"R\u00e9novez et cr\u00e9ez sur mesure votre int\u00e9rieur","potentialAction":[{"@type":"SearchAction","target":{"@type":"EntryPoint","urlTemplate":"https:\/\/azurhomecreation.com\/?s={search_term_string}"},"query-input":{"@type":"PropertyValueSpecification","valueRequired":true,"valueName":"search_term_string"}}],"inLanguage":"en-US"},{"@type":"Organization","@id":"https:\/\/azurhomecreation.com\/#organization","name":"azurhomecreation","alternateName":"r\u00e9novation batiment","url":"https:\/\/azurhomecreation.com\/","logo":{"@type":"ImageObject","inLanguage":"en-US","@id":"https:\/\/azurhomecreation.com\/#\/schema\/logo\/image\/","url":"https:\/\/azurhomecreation.com\/wp-content\/uploads\/2023\/06\/LogoAHC.png","contentUrl":"https:\/\/azurhomecreation.com\/wp-content\/uploads\/2023\/06\/LogoAHC.png","width":1382,"height":1000,"caption":"azurhomecreation"},"image":{"@id":"https:\/\/azurhomecreation.com\/#\/schema\/logo\/image\/"},"sameAs":["https:\/\/www.facebook.com\/people\/Azurhome_06\/61550859443939\/","https:\/\/www.instagram.com\/cfeazur_\/","https:\/\/www.tiktok.com\/search?lang=fr&q=CFEAZURHOME06&t=1693235384722","https:\/\/www.linkedin.com\/in\/cyrille-eckel-6a067528a\/"]}]}},"_links":{"self":[{"href":"https:\/\/azurhomecreation.com\/en_us\/wp-json\/wp\/v2\/pages\/68","targetHints":{"allow":["GET"]}}],"collection":[{"href":"https:\/\/azurhomecreation.com\/en_us\/wp-json\/wp\/v2\/pages"}],"about":[{"href":"https:\/\/azurhomecreation.com\/en_us\/wp-json\/wp\/v2\/types\/page"}],"author":[{"embeddable":true,"href":"https:\/\/azurhomecreation.com\/en_us\/wp-json\/wp\/v2\/users\/1"}],"replies":[{"embeddable":true,"href":"https:\/\/azurhomecreation.com\/en_us\/wp-json\/wp\/v2\/comments?post=68"}],"version-history":[{"count":0,"href":"https:\/\/azurhomecreation.com\/en_us\/wp-json\/wp\/v2\/pages\/68\/revisions"}],"wp:featuredmedia":[{"embeddable":true,"href":"https:\/\/azurhomecreation.com\/en_us\/wp-json\/wp\/v2\/media\/677"}],"wp:attachment":[{"href":"https:\/\/azurhomecreation.com\/en_us\/wp-json\/wp\/v2\/media?parent=68"}],"curies":[{"name":"wp","href":"https:\/\/api.w.org\/{rel}","templated":true}]}}