{"id":58,"date":"2023-06-08T14:56:36","date_gmt":"2023-06-08T14:56:36","guid":{"rendered":"https:\/\/azurhomecreation.com\/?page_id=58"},"modified":"2025-11-14T09:18:42","modified_gmt":"2025-11-14T09:18:42","slug":"electricite-vmc","status":"publish","type":"page","link":"https:\/\/azurhomecreation.com\/en_us\/electricite-vmc\/","title":{"rendered":"Electricit\u00e9 &#8211; VMC"},"content":{"rendered":"<section class=\"section dark has-parallax\" id=\"section_1119401566\">\n\t\t<div class=\"bg section-bg fill bg-fill\" data-parallax-container=\".section\" data-parallax-background data-parallax=\"-7\">\n\n\t\t\t\n\t\t\t\n\t\t\t\n\n\t\t<\/div>\n\n\t\t\n\n\t\t<div class=\"section-content relative\">\n\t\t\t\n\n\t<div id=\"gap-114484593\" class=\"gap-element clearfix\" style=\"display:block; height:auto;\">\n\t\t\n<style>\n#gap-114484593 {\n  padding-top: 30px;\n}\n<\/style>\n\t<\/div>\n\t\n\n<div class=\"row align-center\"  id=\"row-335880189\">\n\n\n\t<div id=\"col-2107260844\" class=\"col medium-10 small-12 large-9\"  >\n\t\t\t\t<div class=\"col-inner text-center text-shadow-4\"  >\n\t\t\t\n\t\t\t\n\n<h1><span style=\"font-size: 200%;\">electricity, source of energy <br \/><\/span><\/h1>\n<p class=\"lead\">for all our needs in daily life<\/p>\n\n\t\t<\/div>\n\t\t\t\t\t<\/div>\n\n\t\n\n<\/div>\n\n\t\t<\/div>\n\n\t\t\n<style>\n#section_1119401566 {\n  padding-top: 30px;\n  padding-bottom: 30px;\n  min-height: 400px;\n  background-color: rgb(255,255,255);\n}\n#section_1119401566 .section-bg-overlay {\n  background-color: rgba(0, 0, 0, 0.15);\n}\n#section_1119401566 .section-bg.bg-loaded {\n  background-image: url(https:\/\/azurhomecreation.com\/wp-content\/uploads\/2023\/07\/blur_bright_bulb.jpg);\n}\n#section_1119401566 .section-bg {\n  background-position: 76% 32%;\n}\n@media (min-width:550px) {\n  #section_1119401566 {\n    min-height: 400px;\n  }\n  #section_1119401566 .section-bg-overlay {\n    background-color: rgba(0, 0, 0, 0.09);\n  }\n}\n@media (min-width:850px) {\n  #section_1119401566 {\n    min-height: 500px;\n  }\n}\n<\/style>\n\t<\/section>\n\t\n\t<section class=\"section\" id=\"section_939055212\">\n\t\t<div class=\"bg section-bg fill bg-fill  bg-loaded\" >\n\n\t\t\t\n\t\t\t\n\t\t\t\n\n\t\t<\/div>\n\n\t\t\n\n\t\t<div class=\"section-content relative\">\n\t\t\t\n\n\t<div id=\"gap-1309464358\" class=\"gap-element clearfix\" style=\"display:block; height:auto;\">\n\t\t\n<style>\n#gap-1309464358 {\n  padding-top: 30px;\n}\n<\/style>\n\t<\/div>\n\t\n\n<div class=\"row align-center\"  id=\"row-1784311650\">\n\n\n\t<div id=\"col-377818853\" class=\"col medium-10 small-12 large-9\"  >\n\t\t\t\t<div class=\"col-inner text-center\"  >\n\t\t\t\n\t\t\t\n\n\t<div id=\"text-691387611\" class=\"text\">\n\t\t\n\n<h3 data-start=\"69\" data-end=\"147\"><strong data-start=\"73\" data-end=\"147\">Installation \u00c9lectrique : R\u00e9novation et Installation Compl\u00e8te \u00e0 Cannes<\/strong><\/h3>\n<p data-start=\"149\" data-end=\"601\">Nous pouvons effectuer la <strong data-start=\"175\" data-end=\"229\">r\u00e9novation \u00e9lectrique de votre habitation \u00e0 Cannes<\/strong> ou r\u00e9aliser une installation <strong data-start=\"259\" data-end=\"271\">compl\u00e8te<\/strong>. Si vous trouvez vos prises de courant, interrupteurs d\u00e9mod\u00e9s ou v\u00e9tustes, ils pourront \u00eatre remplac\u00e9s par de nouveaux produits design et modernes. Lors de vos <strong data-start=\"432\" data-end=\"466\">travaux de r\u00e9novation \u00e0 Cannes<\/strong>, nous vous proposons des solutions sur mesure pour moderniser votre installation \u00e9lectrique tout en respectant les normes de s\u00e9curit\u00e9.<\/p>\n<p data-start=\"603\" data-end=\"762\">Que ce soit pour un projet de r\u00e9novation ou un <strong data-start=\"650\" data-end=\"685\">agencement d\u2019int\u00e9rieur \u00e0 Cannes<\/strong>, nous vous assurons une installation \u00e9lectrique fonctionnelle et esth\u00e9tique.<\/p>\n\t\t\n<style>\n#text-691387611 {\n  color: rgb(0, 26, 58);\n}\n#text-691387611 > * {\n  color: rgb(0, 26, 58);\n}\n<\/style>\n\t<\/div>\n\t\n\n\t\t<\/div>\n\t\t\t\t\t<\/div>\n\n\t\n\n<\/div>\n\n\t\t<\/div>\n\n\t\t\n<style>\n#section_939055212 {\n  padding-top: 50px;\n  padding-bottom: 50px;\n}\n<\/style>\n\t<\/section>\n\t\n\t<section class=\"section\" id=\"section_449170586\">\n\t\t<div class=\"bg section-bg fill bg-fill  bg-loaded\" >\n\n\t\t\t\n\t\t\t\n\t\t\t\n\n\t\t<\/div>\n\n\t\t\n\n\t\t<div class=\"section-content relative\">\n\t\t\t\n\n<div class=\"row row-large align-middle align-center\" style=\"max-width:1400px\" id=\"row-1860441060\">\n\n\n\t<div id=\"col-2050501883\" class=\"col medium-9 small-12 large-5\"  >\n\t\t\t\t<div class=\"col-inner\"  >\n\t\t\t\n\t\t\t\n\n\n  <div class=\"banner has-hover bg-zoom\" id=\"banner-1490255444\">\n          <div class=\"banner-inner fill\">\n        <div class=\"banner-bg fill\" >\n            <div class=\"bg fill bg-fill\"><\/div>\n                                    \n                    <\/div>\n\t\t\n        <div class=\"banner-layers container\">\n            <div class=\"fill banner-link\"><\/div>            \n\n   <div id=\"text-box-232731415\" class=\"text-box banner-layer x50 md-x50 lg-x50 y50 md-y50 lg-y50 res-text\">\n                                <div class=\"text-box-content text dark\">\n              \n              <div class=\"text-inner text-center\">\n                  \n\n\n              <\/div>\n           <\/div>\n                            \n<style>\n#text-box-232731415 {\n  width: 60%;\n}\n#text-box-232731415 .text-box-content {\n  font-size: 100%;\n}\n@media (min-width:550px) {\n  #text-box-232731415 {\n    width: 60%;\n  }\n}\n<\/style>\n    <\/div>\n \n\n        <\/div>\n      <\/div>\n\n            \n<style>\n#banner-1490255444 {\n  padding-top: 300px;\n  background-color: rgb(255,255,255);\n}\n#banner-1490255444 .bg.bg-loaded {\n  background-image: url(https:\/\/azurhomecreation.com\/wp-content\/uploads\/2025\/04\/visuel.cuisine2.jpg);\n}\n#banner-1490255444 .bg {\n  background-position: 70% 12%;\n}\n@media (min-width:850px) {\n  #banner-1490255444 {\n    padding-top: 70%;\n  }\n}\n<\/style>\n  <\/div>\n\n\n\n\t\t<\/div>\n\t\t\t\t\t<\/div>\n\n\t\n\n\t<div id=\"col-2062421492\" class=\"col medium-9 small-12 large-7\"  >\n\t\t\t\t<div class=\"col-inner text-left\"  >\n\t\t\t\n\t\t\t\n\n\t<div id=\"text-1232389450\" class=\"text\">\n\t\t\n\n<h3 data-start=\"119\" data-end=\"188\"><strong data-start=\"123\" data-end=\"188\">Installation d\u2019\u00c9clairage : Cr\u00e9ez l&rsquo;Ambiance Parfaite \u00e0 Cannes<\/strong><\/h3>\n<p data-start=\"190\" data-end=\"596\">La lumi\u00e8re vous offre une multitude de possibilit\u00e9s n\u00e9cessaires \u00e0 votre confort visuel et peut devenir un v\u00e9ritable \u00e9l\u00e9ment de d\u00e9coration. Lors de vos <strong data-start=\"341\" data-end=\"375\">travaux de r\u00e9novation \u00e0 Cannes<\/strong>, il est essentiel de d\u00e9terminer le type d\u2019ambiance lumineuse que vous souhaitez dans chaque pi\u00e8ce. Par exemple, le rendu lumineux que l&rsquo;on aimerait avoir dans un salon ne sera pas forc\u00e9ment le m\u00eame que dans une cuisine.<\/p>\n<p data-start=\"598\" data-end=\"900\">Nous vous conseillons d\u2019opter pour des <strong data-start=\"637\" data-end=\"657\">\u00e9clairages \u00e0 LED<\/strong> qui sont bien moins \u00e9nergivores que les autres sources lumineuses traditionnelles. Si vous \u00eates en projet de <strong data-start=\"767\" data-end=\"802\">peinture et d\u00e9coration \u00e0 Cannes<\/strong>, l\u2019\u00e9clairage joue \u00e9galement un r\u00f4le cl\u00e9 dans la mise en valeur de vos espaces et de vos couleurs.<\/p>\n<p data-start=\"902\" data-end=\"1061\">Nous prenons en compte tous ces \u00e9l\u00e9ments pour vous apporter des solutions d\u2019\u00e9clairage adapt\u00e9es, en tenant compte de vos besoins et du style de votre int\u00e9rieur.<\/p>\n\t\t\n<style>\n#text-1232389450 {\n  font-size: 1rem;\n  color: rgb(0, 26, 58);\n}\n#text-1232389450 > * {\n  color: rgb(0, 26, 58);\n}\n<\/style>\n\t<\/div>\n\t\n\n\t\t<\/div>\n\t\t\t\t\n<style>\n#col-2062421492 > .col-inner {\n  padding: 0px 0px 0px 0px;\n}\n@media (min-width:850px) {\n  #col-2062421492 > .col-inner {\n    padding: 0px 50px 0px 50px;\n  }\n}\n<\/style>\n\t<\/div>\n\n\t\n\n<\/div>\n<div class=\"row row-large align-middle align-center\" style=\"max-width:1400px\" id=\"row-1473840270\">\n\n\n\t<div id=\"col-85224903\" class=\"col medium-9 small-12 large-7\"  >\n\t\t\t\t<div class=\"col-inner text-left\"  >\n\t\t\t\n\t\t\t\n\n\t<div id=\"text-1518663250\" class=\"text\">\n\t\t\n\n<h3 data-start=\"113\" data-end=\"191\"><strong data-start=\"117\" data-end=\"191\">VMC : Ventilation M\u00e9canique Contr\u00f4l\u00e9e pour un Confort Optimal \u00e0 Cannes<\/strong><\/h3>\n<p data-start=\"193\" data-end=\"563\">La <strong data-start=\"196\" data-end=\"237\">ventilation m\u00e9canique contr\u00f4l\u00e9e (VMC)<\/strong> est un dispositif essentiel qui permet de renouveler l&rsquo;air int\u00e9rieur d&rsquo;une habitation, notamment dans les pi\u00e8ces d&rsquo;eau, et de le r\u00e9guler efficacement. Lors de vos <strong data-start=\"401\" data-end=\"435\">travaux de r\u00e9novation \u00e0 Cannes<\/strong>, l&rsquo;installation d&rsquo;une VMC est une \u00e9tape cl\u00e9 pour am\u00e9liorer la qualit\u00e9 de l&rsquo;air et assurer un confort optimal dans votre maison.<\/p>\n<p data-start=\"565\" data-end=\"930\">Elle est indispensable au confort et au bien-\u00eatre d&rsquo;une habitation gr\u00e2ce \u00e0 un renouvellement de l&rsquo;air ambiant performant, ce qui est b\u00e9n\u00e9fique pour la sant\u00e9 de ses occupants. Une <strong data-start=\"744\" data-end=\"751\">CMV<\/strong> contribue \u00e9galement aux \u00e9conomies d&rsquo;\u00e9nergie : l&rsquo;ouverture des fen\u00eatres, bien que n\u00e9cessaire pour a\u00e9rer l&rsquo;habitation, peut entra\u00eener des d\u00e9perditions de chaleur, surtout en hiver.<\/p>\n<p data-start=\"932\" data-end=\"1239\">Avec une VMC, vous pouvez maintenir un air frais tout en \u00e9vitant le gaspillage d&rsquo;\u00e9nergie et la hausse des factures. Si vous \u00eates en pleine <strong data-start=\"1071\" data-end=\"1106\">peinture et d\u00e9coration \u00e0 Cannes<\/strong>, l&rsquo;installation de ce syst\u00e8me permet d&rsquo;assurer une a\u00e9ration optimale sans compromettre l&rsquo;efficacit\u00e9 \u00e9nerg\u00e9tique de votre habitation.<\/p>\n\t\t\n<style>\n#text-1518663250 {\n  font-size: 1rem;\n  color: rgb(0, 26, 58);\n}\n#text-1518663250 > * {\n  color: rgb(0, 26, 58);\n}\n<\/style>\n\t<\/div>\n\t\n\n\t\t<\/div>\n\t\t\t\t\n<style>\n#col-85224903 > .col-inner {\n  padding: 0px 0px 0px 0px;\n}\n@media (min-width:850px) {\n  #col-85224903 > .col-inner {\n    padding: 0px 50px 0px 50px;\n  }\n}\n<\/style>\n\t<\/div>\n\n\t\n\n\t<div id=\"col-193073681\" class=\"col medium-9 small-12 large-5 medium-col-first\"  >\n\t\t\t\t<div class=\"col-inner\"  >\n\t\t\t\n\t\t\t\n\n\n  <div class=\"banner has-hover bg-zoom\" id=\"banner-1920866274\">\n          <div class=\"banner-inner fill\">\n        <div class=\"banner-bg fill\" >\n            <div class=\"bg fill bg-fill\"><\/div>\n                                    \n                    <\/div>\n\t\t\n        <div class=\"banner-layers container\">\n            <div class=\"fill banner-link\"><\/div>            \n\n   <div id=\"text-box-825066057\" class=\"text-box banner-layer x50 md-x50 lg-x50 y50 md-y50 lg-y50 res-text\">\n                                <div class=\"text-box-content text dark\">\n              \n              <div class=\"text-inner text-center\">\n                  \n\n\n              <\/div>\n           <\/div>\n                            \n<style>\n#text-box-825066057 {\n  width: 60%;\n}\n#text-box-825066057 .text-box-content {\n  font-size: 100%;\n}\n@media (min-width:550px) {\n  #text-box-825066057 {\n    width: 60%;\n  }\n}\n<\/style>\n    <\/div>\n \n\n        <\/div>\n      <\/div>\n\n            \n<style>\n#banner-1920866274 {\n  padding-top: 300px;\n  background-color: rgb(255,255,255);\n}\n#banner-1920866274 .bg.bg-loaded {\n  background-image: url(https:\/\/azurhomecreation.com\/wp-content\/uploads\/2023\/07\/VMC.png);\n}\n#banner-1920866274 .bg {\n  background-position: 48% 68%;\n}\n@media (min-width:850px) {\n  #banner-1920866274 {\n    padding-top: 70%;\n  }\n}\n<\/style>\n  <\/div>\n\n\n\n\t\t<\/div>\n\t\t\t\t\t<\/div>\n\n\t\n\n<\/div>\n\t<div id=\"gap-1550350582\" class=\"gap-element clearfix\" style=\"display:block; height:auto;\">\n\t\t\n<style>\n#gap-1550350582 {\n  padding-top: 100px;\n}\n<\/style>\n\t<\/div>\n\t\n\n\n\t\t<\/div>\n\n\t\t\n<style>\n#section_449170586 {\n  padding-top: 0px;\n  padding-bottom: 0px;\n}\n<\/style>\n\t<\/section>\n\t\n\t<section class=\"section dark has-parallax\" id=\"section_1763443284\">\n\t\t<div class=\"bg section-bg fill bg-fill\" data-parallax-container=\".section\" data-parallax-background data-parallax=\"-3\">\n\n\t\t\t\n\t\t\t\n\t\t\t\n\n\t\t<\/div>\n\n\t\t\n\n\t\t<div class=\"section-content relative\">\n\t\t\t\n\n\t<div id=\"gap-864703477\" class=\"gap-element clearfix\" style=\"display:block; height:auto;\">\n\t\t\n<style>\n#gap-864703477 {\n  padding-top: 30px;\n}\n<\/style>\n\t<\/div>\n\t\n\n<div class=\"row align-center\"  id=\"row-1044139526\">\n\n\n\t<div id=\"col-1803125266\" class=\"col medium-10 small-12 large-8\"  >\n\t\t\t\t<div class=\"col-inner text-center text-shadow-3\"  >\n\t\t\t\n\t\t\t\n\n\t<div id=\"text-3074757883\" class=\"text\">\n\t\t\n\n<h1><span style=\"font-size: 140%;\">Save money with controlled mechanical ventilation (CMV)<\/span><\/h1>\n\t\t\n<style>\n#text-3074757883 {\n  font-size: 1.15rem;\n  color: rgb(175, 255, 0);\n}\n#text-3074757883 > * {\n  color: rgb(175, 255, 0);\n}\n<\/style>\n\t<\/div>\n\t\n\n\t\t<\/div>\n\t\t\t\t\t<\/div>\n\n\t\n\n<\/div>\n\n\t\t<\/div>\n\n\t\t\n<style>\n#section_1763443284 {\n  padding-top: 30px;\n  padding-bottom: 30px;\n  min-height: 300px;\n  background-color: rgb(255,255,255);\n}\n#section_1763443284 .section-bg-overlay {\n  background-color: rgba(0, 0, 0, 0.15);\n}\n#section_1763443284 .section-bg.bg-loaded {\n  background-image: url(https:\/\/azurhomecreation.com\/wp-content\/uploads\/2023\/07\/ventilation-mecanique-controlee.jpg);\n}\n#section_1763443284 .section-bg {\n  background-position: 74% 24%;\n}\n@media (min-width:550px) {\n  #section_1763443284 {\n    min-height: 500px;\n  }\n  #section_1763443284 .section-bg-overlay {\n    background-color: rgba(0, 0, 0, 0.09);\n  }\n}\n<\/style>\n\t<\/section>\n\t\n\t<div id=\"gap-802764505\" class=\"gap-element clearfix\" style=\"display:block; height:auto;\">\n\t\t\n<style>\n#gap-802764505 {\n  padding-top: 3px;\n}\n<\/style>\n\t<\/div>","protected":false},"excerpt":{"rendered":"","protected":false},"author":1,"featured_media":688,"parent":0,"menu_order":0,"comment_status":"closed","ping_status":"closed","template":"page-blank.php","meta":{"_monsterinsights_skip_tracking":false,"_monsterinsights_sitenote_active":false,"_monsterinsights_sitenote_note":"","_monsterinsights_sitenote_category":0,"footnotes":""},"class_list":["post-58","page","type-page","status-publish","has-post-thumbnail","hentry"],"yoast_head":"<!-- This site is optimized with the Yoast SEO plugin v27.3 - https:\/\/yoast.com\/product\/yoast-seo-wordpress\/ -->\n<title>\u00c9lectricit\u00e9 et VMC \u00e0 Cannes \u2013 Azur Home Creation<\/title>\n<meta name=\"description\" content=\"Azur Home Creation pour vos travaux de r\u00e9novation \u00e9lectrique \u00e0 Cannes : \u00e9clairage LED, VMC, circuits, mises aux normes, faux plafonds\" \/>\n<meta name=\"robots\" content=\"index, follow, max-snippet:-1, max-image-preview:large, max-video-preview:-1\" \/>\n<link rel=\"canonical\" href=\"https:\/\/azurhomecreation.com\/en_us\/electricite-vmc\/\" \/>\n<meta property=\"og:locale\" content=\"en_US\" \/>\n<meta property=\"og:type\" content=\"article\" \/>\n<meta property=\"og:title\" content=\"\u00c9lectricit\u00e9 et VMC \u00e0 Cannes \u2013 Azur Home Creation\" \/>\n<meta property=\"og:description\" content=\"Azur Home Creation pour vos travaux de r\u00e9novation \u00e9lectrique \u00e0 Cannes : \u00e9clairage LED, VMC, circuits, mises aux normes, faux plafonds\" \/>\n<meta property=\"og:url\" content=\"https:\/\/azurhomecreation.com\/en_us\/electricite-vmc\/\" \/>\n<meta property=\"og:site_name\" content=\"Azur Home Creation\" \/>\n<meta property=\"article:publisher\" content=\"https:\/\/www.facebook.com\/people\/Azurhome_06\/61550859443939\/\" \/>\n<meta property=\"article:modified_time\" content=\"2025-11-14T09:18:42+00:00\" \/>\n<meta property=\"og:image\" content=\"https:\/\/azurhomecreation.com\/wp-content\/uploads\/2023\/09\/Azur-Home-Creation.png\" \/>\n\t<meta property=\"og:image:width\" content=\"1382\" \/>\n\t<meta property=\"og:image:height\" content=\"899\" \/>\n\t<meta property=\"og:image:type\" content=\"image\/png\" \/>\n<meta name=\"twitter:card\" content=\"summary_large_image\" \/>\n<meta name=\"twitter:label1\" content=\"Est. reading time\" \/>\n\t<meta name=\"twitter:data1\" content=\"3 minutes\" \/>\n<script type=\"application\/ld+json\" class=\"yoast-schema-graph\">{\"@context\":\"https:\\\/\\\/schema.org\",\"@graph\":[{\"@type\":\"WebPage\",\"@id\":\"https:\\\/\\\/azurhomecreation.com\\\/electricite-vmc\\\/\",\"url\":\"https:\\\/\\\/azurhomecreation.com\\\/electricite-vmc\\\/\",\"name\":\"\u00c9lectricit\u00e9 et VMC \u00e0 Cannes \u2013 Azur Home Creation\",\"isPartOf\":{\"@id\":\"https:\\\/\\\/azurhomecreation.com\\\/#website\"},\"primaryImageOfPage\":{\"@id\":\"https:\\\/\\\/azurhomecreation.com\\\/electricite-vmc\\\/#primaryimage\"},\"image\":{\"@id\":\"https:\\\/\\\/azurhomecreation.com\\\/electricite-vmc\\\/#primaryimage\"},\"thumbnailUrl\":\"https:\\\/\\\/azurhomecreation.com\\\/wp-content\\\/uploads\\\/2023\\\/09\\\/Azur-Home-Creation.png\",\"datePublished\":\"2023-06-08T14:56:36+00:00\",\"dateModified\":\"2025-11-14T09:18:42+00:00\",\"description\":\"Azur Home Creation pour vos travaux de r\u00e9novation \u00e9lectrique \u00e0 Cannes : \u00e9clairage LED, VMC, circuits, mises aux normes, faux plafonds\",\"breadcrumb\":{\"@id\":\"https:\\\/\\\/azurhomecreation.com\\\/electricite-vmc\\\/#breadcrumb\"},\"inLanguage\":\"en-US\",\"potentialAction\":[{\"@type\":\"ReadAction\",\"target\":[\"https:\\\/\\\/azurhomecreation.com\\\/electricite-vmc\\\/\"]}]},{\"@type\":\"ImageObject\",\"inLanguage\":\"en-US\",\"@id\":\"https:\\\/\\\/azurhomecreation.com\\\/electricite-vmc\\\/#primaryimage\",\"url\":\"https:\\\/\\\/azurhomecreation.com\\\/wp-content\\\/uploads\\\/2023\\\/09\\\/Azur-Home-Creation.png\",\"contentUrl\":\"https:\\\/\\\/azurhomecreation.com\\\/wp-content\\\/uploads\\\/2023\\\/09\\\/Azur-Home-Creation.png\",\"width\":1382,\"height\":899,\"caption\":\"peinture decoration Cannes\"},{\"@type\":\"BreadcrumbList\",\"@id\":\"https:\\\/\\\/azurhomecreation.com\\\/electricite-vmc\\\/#breadcrumb\",\"itemListElement\":[{\"@type\":\"ListItem\",\"position\":1,\"name\":\"Accueil\",\"item\":\"https:\\\/\\\/azurhomecreation.com\\\/\"},{\"@type\":\"ListItem\",\"position\":2,\"name\":\"Electricit\u00e9 &#8211; VMC\"}]},{\"@type\":\"WebSite\",\"@id\":\"https:\\\/\\\/azurhomecreation.com\\\/#website\",\"url\":\"https:\\\/\\\/azurhomecreation.com\\\/\",\"name\":\"www.azurhomecreation.com\",\"description\":\"Promouvoir un habitat durable\",\"publisher\":{\"@id\":\"https:\\\/\\\/azurhomecreation.com\\\/#organization\"},\"alternateName\":\"R\u00e9novez et cr\u00e9ez sur mesure votre int\u00e9rieur\",\"potentialAction\":[{\"@type\":\"SearchAction\",\"target\":{\"@type\":\"EntryPoint\",\"urlTemplate\":\"https:\\\/\\\/azurhomecreation.com\\\/?s={search_term_string}\"},\"query-input\":{\"@type\":\"PropertyValueSpecification\",\"valueRequired\":true,\"valueName\":\"search_term_string\"}}],\"inLanguage\":\"en-US\"},{\"@type\":\"Organization\",\"@id\":\"https:\\\/\\\/azurhomecreation.com\\\/#organization\",\"name\":\"azurhomecreation\",\"alternateName\":\"r\u00e9novation batiment\",\"url\":\"https:\\\/\\\/azurhomecreation.com\\\/\",\"logo\":{\"@type\":\"ImageObject\",\"inLanguage\":\"en-US\",\"@id\":\"https:\\\/\\\/azurhomecreation.com\\\/#\\\/schema\\\/logo\\\/image\\\/\",\"url\":\"https:\\\/\\\/azurhomecreation.com\\\/wp-content\\\/uploads\\\/2023\\\/06\\\/LogoAHC.png\",\"contentUrl\":\"https:\\\/\\\/azurhomecreation.com\\\/wp-content\\\/uploads\\\/2023\\\/06\\\/LogoAHC.png\",\"width\":1382,\"height\":1000,\"caption\":\"azurhomecreation\"},\"image\":{\"@id\":\"https:\\\/\\\/azurhomecreation.com\\\/#\\\/schema\\\/logo\\\/image\\\/\"},\"sameAs\":[\"https:\\\/\\\/www.facebook.com\\\/people\\\/Azurhome_06\\\/61550859443939\\\/\",\"https:\\\/\\\/www.instagram.com\\\/cfeazur_\\\/\",\"https:\\\/\\\/www.tiktok.com\\\/search?lang=fr&q=CFEAZURHOME06&t=1693235384722\",\"https:\\\/\\\/www.linkedin.com\\\/in\\\/cyrille-eckel-6a067528a\\\/\"]}]}<\/script>\n<!-- \/ Yoast SEO plugin. -->","yoast_head_json":{"title":"\u00c9lectricit\u00e9 et VMC \u00e0 Cannes \u2013 Azur Home Creation","description":"Azur Home Creation pour vos travaux de r\u00e9novation \u00e9lectrique \u00e0 Cannes : \u00e9clairage LED, VMC, circuits, mises aux normes, faux plafonds","robots":{"index":"index","follow":"follow","max-snippet":"max-snippet:-1","max-image-preview":"max-image-preview:large","max-video-preview":"max-video-preview:-1"},"canonical":"https:\/\/azurhomecreation.com\/en_us\/electricite-vmc\/","og_locale":"en_US","og_type":"article","og_title":"\u00c9lectricit\u00e9 et VMC \u00e0 Cannes \u2013 Azur Home Creation","og_description":"Azur Home Creation pour vos travaux de r\u00e9novation \u00e9lectrique \u00e0 Cannes : \u00e9clairage LED, VMC, circuits, mises aux normes, faux plafonds","og_url":"https:\/\/azurhomecreation.com\/en_us\/electricite-vmc\/","og_site_name":"Azur Home Creation","article_publisher":"https:\/\/www.facebook.com\/people\/Azurhome_06\/61550859443939\/","article_modified_time":"2025-11-14T09:18:42+00:00","og_image":[{"width":1382,"height":899,"url":"https:\/\/azurhomecreation.com\/wp-content\/uploads\/2023\/09\/Azur-Home-Creation.png","type":"image\/png"}],"twitter_card":"summary_large_image","twitter_misc":{"Est. reading time":"3 minutes"},"schema":{"@context":"https:\/\/schema.org","@graph":[{"@type":"WebPage","@id":"https:\/\/azurhomecreation.com\/electricite-vmc\/","url":"https:\/\/azurhomecreation.com\/electricite-vmc\/","name":"\u00c9lectricit\u00e9 et VMC \u00e0 Cannes \u2013 Azur Home Creation","isPartOf":{"@id":"https:\/\/azurhomecreation.com\/#website"},"primaryImageOfPage":{"@id":"https:\/\/azurhomecreation.com\/electricite-vmc\/#primaryimage"},"image":{"@id":"https:\/\/azurhomecreation.com\/electricite-vmc\/#primaryimage"},"thumbnailUrl":"https:\/\/azurhomecreation.com\/wp-content\/uploads\/2023\/09\/Azur-Home-Creation.png","datePublished":"2023-06-08T14:56:36+00:00","dateModified":"2025-11-14T09:18:42+00:00","description":"Azur Home Creation pour vos travaux de r\u00e9novation \u00e9lectrique \u00e0 Cannes : \u00e9clairage LED, VMC, circuits, mises aux normes, faux plafonds","breadcrumb":{"@id":"https:\/\/azurhomecreation.com\/electricite-vmc\/#breadcrumb"},"inLanguage":"en-US","potentialAction":[{"@type":"ReadAction","target":["https:\/\/azurhomecreation.com\/electricite-vmc\/"]}]},{"@type":"ImageObject","inLanguage":"en-US","@id":"https:\/\/azurhomecreation.com\/electricite-vmc\/#primaryimage","url":"https:\/\/azurhomecreation.com\/wp-content\/uploads\/2023\/09\/Azur-Home-Creation.png","contentUrl":"https:\/\/azurhomecreation.com\/wp-content\/uploads\/2023\/09\/Azur-Home-Creation.png","width":1382,"height":899,"caption":"peinture decoration Cannes"},{"@type":"BreadcrumbList","@id":"https:\/\/azurhomecreation.com\/electricite-vmc\/#breadcrumb","itemListElement":[{"@type":"ListItem","position":1,"name":"Accueil","item":"https:\/\/azurhomecreation.com\/"},{"@type":"ListItem","position":2,"name":"Electricit\u00e9 &#8211; VMC"}]},{"@type":"WebSite","@id":"https:\/\/azurhomecreation.com\/#website","url":"https:\/\/azurhomecreation.com\/","name":"www.azurhomecreation.com","description":"Promouvoir un habitat durable","publisher":{"@id":"https:\/\/azurhomecreation.com\/#organization"},"alternateName":"R\u00e9novez et cr\u00e9ez sur mesure votre int\u00e9rieur","potentialAction":[{"@type":"SearchAction","target":{"@type":"EntryPoint","urlTemplate":"https:\/\/azurhomecreation.com\/?s={search_term_string}"},"query-input":{"@type":"PropertyValueSpecification","valueRequired":true,"valueName":"search_term_string"}}],"inLanguage":"en-US"},{"@type":"Organization","@id":"https:\/\/azurhomecreation.com\/#organization","name":"azurhomecreation","alternateName":"r\u00e9novation batiment","url":"https:\/\/azurhomecreation.com\/","logo":{"@type":"ImageObject","inLanguage":"en-US","@id":"https:\/\/azurhomecreation.com\/#\/schema\/logo\/image\/","url":"https:\/\/azurhomecreation.com\/wp-content\/uploads\/2023\/06\/LogoAHC.png","contentUrl":"https:\/\/azurhomecreation.com\/wp-content\/uploads\/2023\/06\/LogoAHC.png","width":1382,"height":1000,"caption":"azurhomecreation"},"image":{"@id":"https:\/\/azurhomecreation.com\/#\/schema\/logo\/image\/"},"sameAs":["https:\/\/www.facebook.com\/people\/Azurhome_06\/61550859443939\/","https:\/\/www.instagram.com\/cfeazur_\/","https:\/\/www.tiktok.com\/search?lang=fr&q=CFEAZURHOME06&t=1693235384722","https:\/\/www.linkedin.com\/in\/cyrille-eckel-6a067528a\/"]}]}},"_links":{"self":[{"href":"https:\/\/azurhomecreation.com\/en_us\/wp-json\/wp\/v2\/pages\/58","targetHints":{"allow":["GET"]}}],"collection":[{"href":"https:\/\/azurhomecreation.com\/en_us\/wp-json\/wp\/v2\/pages"}],"about":[{"href":"https:\/\/azurhomecreation.com\/en_us\/wp-json\/wp\/v2\/types\/page"}],"author":[{"embeddable":true,"href":"https:\/\/azurhomecreation.com\/en_us\/wp-json\/wp\/v2\/users\/1"}],"replies":[{"embeddable":true,"href":"https:\/\/azurhomecreation.com\/en_us\/wp-json\/wp\/v2\/comments?post=58"}],"version-history":[{"count":0,"href":"https:\/\/azurhomecreation.com\/en_us\/wp-json\/wp\/v2\/pages\/58\/revisions"}],"wp:featuredmedia":[{"embeddable":true,"href":"https:\/\/azurhomecreation.com\/en_us\/wp-json\/wp\/v2\/media\/688"}],"wp:attachment":[{"href":"https:\/\/azurhomecreation.com\/en_us\/wp-json\/wp\/v2\/media?parent=58"}],"curies":[{"name":"wp","href":"https:\/\/api.w.org\/{rel}","templated":true}]}}